{"id":13,"date":"2017-03-03T18:25:29","date_gmt":"2017-03-03T18:25:29","guid":{"rendered":"http:\/\/www.studiograf.home.pl\/elis\/?page_id=13"},"modified":"2017-04-11T08:35:58","modified_gmt":"2017-04-11T08:35:58","slug":"o-nas","status":"publish","type":"page","link":"http:\/\/www.elis.net.pl\/","title":{"rendered":"O nas"},"content":{"rendered":"<div id=\"pl-13\"  class=\"panel-layout\" ><div id=\"pg-13-0\"  class=\"panel-grid panel-no-style\" ><div id=\"pgc-13-0-0\"  class=\"panel-grid-cell\" ><div id=\"panel-13-0-0-0\" class=\"so-panel widget widget_sow-editor panel-first-child panel-last-child\" data-index=\"0\" ><div\n\t\t\t\n\t\t\tclass=\"so-widget-sow-editor so-widget-sow-editor-base\"\n\t\t\t\n\t\t>\n<div class=\"siteorigin-widget-tinymce textwidget\">\n\t<p><img loading=\"lazy\" decoding=\"async\" class=\"alignnone size-medium wp-image-14\" src=\"http:\/\/www.studiograf.home.pl\/elis\/wp-content\/uploads\/2017\/03\/73856783-300x225.jpg\" alt=\"\" width=\"300\" height=\"225\" srcset=\"http:\/\/www.elis.net.pl\/wp-content\/uploads\/2017\/03\/73856783-300x225.jpg 300w, http:\/\/www.elis.net.pl\/wp-content\/uploads\/2017\/03\/73856783-768x576.jpg 768w, http:\/\/www.elis.net.pl\/wp-content\/uploads\/2017\/03\/73856783-1024x768.jpg 1024w, http:\/\/www.elis.net.pl\/wp-content\/uploads\/2017\/03\/73856783.jpg 1280w\" sizes=\"auto, (max-width: 300px) 100vw, 300px\" \/><\/p>\n<p><img loading=\"lazy\" decoding=\"async\" class=\"alignnone  wp-image-65\" src=\"http:\/\/www.studiograf.home.pl\/elis\/wp-content\/uploads\/2017\/03\/cys70gnyedcunbkogen.jpg\" alt=\"\" width=\"300\" height=\"300\" srcset=\"http:\/\/www.elis.net.pl\/wp-content\/uploads\/2017\/03\/cys70gnyedcunbkogen.jpg 620w, http:\/\/www.elis.net.pl\/wp-content\/uploads\/2017\/03\/cys70gnyedcunbkogen-150x150.jpg 150w, http:\/\/www.elis.net.pl\/wp-content\/uploads\/2017\/03\/cys70gnyedcunbkogen-300x300.jpg 300w\" sizes=\"auto, (max-width: 300px) 100vw, 300px\" \/><\/p>\n<\/div>\n<\/div><\/div><\/div><div id=\"pgc-13-0-1\"  class=\"panel-grid-cell\" ><div id=\"panel-13-0-1-0\" class=\"so-panel widget widget_sow-editor panel-first-child panel-last-child\" data-index=\"1\" ><div\n\t\t\t\n\t\t\tclass=\"so-widget-sow-editor so-widget-sow-editor-base\"\n\t\t\t\n\t\t>\n<div class=\"siteorigin-widget-tinymce textwidget\">\n\t<p>Firma Budowlano Drogowa ELIS jest firm\u0105 rodzinn\u0105, swoje pocz\u0105tki w bran\u017cy drogowej zapocz\u0105tkowa\u0142a w 1997r. W trakcie naszej 20-sto letniej dzia\u0142alno\u015bci notujemy ci\u0105g\u0142y rozw\u00f3j przedsi\u0119biorstwa. <\/p>\n<p>Oferujemy wykonanie:<br \/>-roboty ziemne, niwelacja terenu, wykopy pod fundamenty, profilowanie nawierzchni<br \/>-wykonywanie kanalizacji, melioracji, odwodnienia<br \/>-wykonywanie podbudowy, nawierzchni z kostki brukowej, p\u0142yt betonowych, p\u0142yt a\u017curowych<br \/>- sprzeda\u017c kruszywa, piasku,gruzu, ziemi<br \/>-wynajem sprz\u0119tu: samochod\u00f3w, koparek, walc\u00f3w, zag\u0119szczarek<br \/>-transport krajowy i mi\u0119dzynarodowy<\/p>\n<p>Wsp\u00f3\u0142pracujemy z instytucjami pa\u0144stwowymi tj. Urz\u0119dy Miasta, Urz\u0119dy Gminy, Zarz\u0105dy Dr\u00f3G. <br \/>Swoj\u0105 ofert\u0119 kierujemy r\u00f3wnie\u017c do firm oraz klient\u00f3w indywidualnych.<\/p>\n<\/div>\n<\/div><\/div><\/div><\/div><\/div>","protected":false},"excerpt":{"rendered":"<p>Firma Budowlano Drogowa ELIS jest firm\u0105 rodzinn\u0105, swoje pocz\u0105tki w bran\u017cy drogowej zapocz\u0105tkowa\u0142a w 1997r. W trakcie naszej 20-sto letniej dzia\u0142alno\u015bci notujemy ci\u0105g\u0142y rozw\u00f3j przedsi\u0119biorstwa. Oferujemy wykonanie:-roboty ziemne, niwelacja terenu, wykopy pod fundamenty, profilowanie nawierzchni-wykonywanie kanalizacji, melioracji, odwodnienia-wykonywanie podbudowy, nawierzchni z kostki brukowej, p\u0142yt betonowych, p\u0142yt a\u017curowych- sprzeda\u017c kruszywa, piasku,gruzu, ziemi-wynajem sprz\u0119tu: samochod\u00f3w, koparek, walc\u00f3w,&hellip;<\/p>\n","protected":false},"author":1,"featured_media":0,"parent":0,"menu_order":0,"comment_status":"closed","ping_status":"closed","template":"","meta":{"footnotes":""},"class_list":["post-13","page","type-page","status-publish","hentry"],"_links":{"self":[{"href":"http:\/\/www.elis.net.pl\/index.php?rest_route=\/wp\/v2\/pages\/13","targetHints":{"allow":["GET"]}}],"collection":[{"href":"http:\/\/www.elis.net.pl\/index.php?rest_route=\/wp\/v2\/pages"}],"about":[{"href":"http:\/\/www.elis.net.pl\/index.php?rest_route=\/wp\/v2\/types\/page"}],"author":[{"embeddable":true,"href":"http:\/\/www.elis.net.pl\/index.php?rest_route=\/wp\/v2\/users\/1"}],"replies":[{"embeddable":true,"href":"http:\/\/www.elis.net.pl\/index.php?rest_route=%2Fwp%2Fv2%2Fcomments&post=13"}],"version-history":[{"count":9,"href":"http:\/\/www.elis.net.pl\/index.php?rest_route=\/wp\/v2\/pages\/13\/revisions"}],"predecessor-version":[{"id":97,"href":"http:\/\/www.elis.net.pl\/index.php?rest_route=\/wp\/v2\/pages\/13\/revisions\/97"}],"wp:attachment":[{"href":"http:\/\/www.elis.net.pl\/index.php?rest_route=%2Fwp%2Fv2%2Fmedia&parent=13"}],"curies":[{"name":"wp","href":"https:\/\/api.w.org\/{rel}","templated":true}]}}